{"id":73,"date":"2016-11-15T10:35:41","date_gmt":"2016-11-15T10:35:41","guid":{"rendered":"http:\/\/www.zivafalkner.com\/si\/?page_id=73"},"modified":"2021-09-12T19:02:14","modified_gmt":"2021-09-12T19:02:14","slug":"o-zivi","status":"publish","type":"page","link":"http:\/\/www.zivafalkner.com\/si\/o-zivi\/","title":{"rendered":"O \u017divi"},"content":{"rendered":"<p>[vc_row css_animation=&#8221;&#8221; row_type=&#8221;row&#8221; use_row_as_full_screen_section=&#8221;no&#8221; type=&#8221;grid&#8221; angled_section=&#8221;no&#8221; text_align=&#8221;left&#8221; background_image_as_pattern=&#8221;without_pattern&#8221; background_color=&#8221;#ffffff&#8221; css=&#8221;.vc_custom_1479206605861{padding-top: 48px !important;padding-bottom: 48px !important;}&#8221;][vc_column width=&#8221;1\/6&#8243;][\/vc_column][vc_column width=&#8221;2\/3&#8243;][vc_column_text]<\/p>\n<h3 style=\"text-align: center;\">\u017diva Falkner je slovenska teni\u0161ka igralka, ki z mednarodnimi uspehi in visoko zastavljenimi cilji sodi med vrhunske \u0161portnice svetovnega kova.<\/h3>\n<p>[vc_separator type=&#8217;small&#8217; position=&#8217;center&#8217; color=&#8221; thickness=&#8221; up=&#8217;24px&#8217; down=&#8217;24px&#8217;]<\/p>\n<p style=\"text-align: center;\"><em>Pot, ki si jo je izbrala, je ob vsakodnevnih teni\u0161kih in kondicijskih treningih ter potovanjih na tekmovanja v tujino zelo zahtevna. \u017diva verjame, da se bo z vztrajnim delom, trdno voljo in neomajno predanostjo temu \u0161portu uvrstila med najbolj\u0161e teni\u0161ke igralke na svetu<\/em><\/p>\n<p>[\/vc_column_text][\/vc_column][vc_column width=&#8221;1\/6&#8243;][\/vc_column][\/vc_row][vc_row css_animation=&#8221;&#8221; row_type=&#8221;row&#8221; use_row_as_full_screen_section=&#8221;no&#8221; type=&#8221;grid&#8221; angled_section=&#8221;no&#8221; text_align=&#8221;left&#8221; background_image_as_pattern=&#8221;without_pattern&#8221; css=&#8221;.vc_custom_1479206565558{padding-top: 48px !important;padding-bottom: 48px !important;}&#8221;][vc_column][vc_column_text]\u017diva je teni\u0161ki lopar v roke prvi\u010d vzela pri \u0161tirih letih v Teni\u0161kem klubu Krka Oto\u010dec. Pod vodstvom prvega trenerja Gorana Jelena in nato Gordana Jankovi\u0107a je na tekmovanjih Teni\u0161ke zveze Slovenije \u017ee kot deklica dokazala svojo dominantnost v vseh kategorijah teni\u0161ke igre. Pri enajstih letih je osvojila prvi mednarodni naslov Tennis Europe, v letih 2014 in 2015 jih je osvojila \u0161e trinajst. Leto 2016 je zaklju\u010dila kot prva na lestvici Tennis Europe do 14 let in prejela presti\u017eno priznanje Tenis Europe Junior Tour Player of the year.<\/p>\n<p>[vc_separator type=&#8217;transparent&#8217; position=&#8217;center&#8217; color=&#8221; thickness=&#8221; up=&#8217;12px&#8217; down=&#8217;12px&#8217;]<\/p>\n<p>Na turnirjih svetovne mladinske teni\u0161ke lestvice (ITF Junior) do 18 let je za\u010dela tekmovati januarja 2017. V letu dni je dosegla toliko zmag, da se je na tej lestvici s 1441. povzpela na 170. mesto. Tudi v letu 2018 je uspe\u0161no tekmovala na turnirjih najvi\u0161jih rangov te lestvice in bila izbrana v ekipo 12 igralk s celega sveta, ki so pod okriljem svetovne mladinske teni\u0161ke zveze nastopale na ameri\u0161ki turneji (v Mehiki, Paragvaju, Braziliji, na Floridi). Leta 2019 se je uvrstila med prvih 100 mladink sveta, kar ji je omogo\u010dilo nastope na grand slam turnirjih. Izjemen uspeh mladinske kariere je dosegla januarja 2020 v Avstraliji, ko se je v kategoriji dvojic s soigralko Matildo Mutavd\u017ei\u0107 iz Velike Britanije uvrstila v finale.<\/p>\n<p>[vc_separator type=&#8217;transparent&#8217; position=&#8217;center&#8217; color=&#8221; thickness=&#8221; up=&#8217;12px&#8217; down=&#8217;12px&#8217;]<\/p>\n<p>V letu 2020 je za\u010dela tekmovati na profesionalni \u010dlanski ravni. Poleti se je v Sloveniji udele\u017eila dveh turnirjev in na obeh zmagala, septembra pa je na Oto\u010dcu slavila zmago na svojem prvem mednarodnem profesionalnem turnirju Krka Ladies Open. Teni\u0161ko sezono 2020 je zaklju\u010dila kot 924. igralka svetovne WTA lestvice, nove zmage pa niza \u0161e naprej. Z zelo spodbudnimi rezultati, ki jih je dosegla na mednarodnih turnirjih (ITF PRO) se je julija 2021 povzpela na 550. mesto svetovne WTA lestvice. Sicer pa \u017diva \u017ee ve\u010d let v razli\u010dnih kategorijah uspe\u0161no nastopa tudi za slovensko dr\u017eavno reprezentanco. V letu 2021 je postala \u010dlanica elitne FED CUP reprezentance Slovenije.<\/p>\n<p>[vc_separator type=&#8217;transparent&#8217; position=&#8217;center&#8217; color=&#8221; thickness=&#8221; up=&#8217;12px&#8217; down=&#8217;12px&#8217;]<\/p>\n<p>Njene teni\u0161ke uspehe, zavezanost \u0161portu in vrednotam, kot so spo\u0161tovanje, sodelovanje, strpnost in sr\u010dnost, so \u017ee ve\u010dkrat prepoznali na mednarodni, dr\u017eavni in lokalni ravni. Mestna ob\u010dina Novo mesto ji je \u017ee dvakrat podelila naziv \u0161portnica leta.<\/p>\n<p>[vc_separator type=&#8217;transparent&#8217; position=&#8217;center&#8217; color=&#8221; thickness=&#8221; up=&#8217;12px&#8217; down=&#8217;12px&#8217;]<\/p>\n<p>\u017diva Falkner z dozdaj\u0161njimi rezultati nedvomno dokazuje svojo delavnost, zavzetost in nenehno napredovanje v teni\u0161ki igri. Njena usmerjenost cilju in neomajna mo\u010d izjemne tekmovalke pa jo vodita med najbolj\u0161e teni\u0161ke igralke na svetu.[\/vc_column_text][\/vc_column][\/vc_row]<\/p>\n","protected":false},"excerpt":{"rendered":"<p>[vc_row css_animation=&#8221;&#8221; row_type=&#8221;row&#8221; use_row_as_full_screen_section=&#8221;no&#8221; type=&#8221;grid&#8221; angled_section=&#8221;no&#8221; text_align=&#8221;left&#8221; background_image_as_pattern=&#8221;without_pattern&#8221; background_color=&#8221;#ffffff&#8221; css=&#8221;.vc_custom_1479206605861{padding-top: 48px !important;padding-bottom: 48px !important;}&#8221;][vc_column width=&#8221;1\/6&#8243;][\/vc_column][vc_column width=&#8221;2\/3&#8243;][vc_column_text] \u017diva Falkner je slovenska teni\u0161ka igralka, ki z mednarodnimi uspehi in visoko zastavljenimi cilji sodi med vrhunske \u0161portnice svetovnega kova. [vc_separator type=&#8217;small&#8217; position=&#8217;center&#8217; color=&#8221; thickness=&#8221; up=&#8217;24px&#8217; down=&#8217;24px&#8217;] Pot, ki&#8230;<\/p>\n","protected":false},"author":1,"featured_media":0,"parent":0,"menu_order":20,"comment_status":"closed","ping_status":"closed","template":"full_width.php","meta":[],"_links":{"self":[{"href":"http:\/\/www.zivafalkner.com\/si\/wp-json\/wp\/v2\/pages\/73"}],"collection":[{"href":"http:\/\/www.zivafalkner.com\/si\/wp-json\/wp\/v2\/pages"}],"about":[{"href":"http:\/\/www.zivafalkner.com\/si\/wp-json\/wp\/v2\/types\/page"}],"author":[{"embeddable":true,"href":"http:\/\/www.zivafalkner.com\/si\/wp-json\/wp\/v2\/users\/1"}],"replies":[{"embeddable":true,"href":"http:\/\/www.zivafalkner.com\/si\/wp-json\/wp\/v2\/comments?post=73"}],"version-history":[{"count":6,"href":"http:\/\/www.zivafalkner.com\/si\/wp-json\/wp\/v2\/pages\/73\/revisions"}],"predecessor-version":[{"id":437,"href":"http:\/\/www.zivafalkner.com\/si\/wp-json\/wp\/v2\/pages\/73\/revisions\/437"}],"wp:attachment":[{"href":"http:\/\/www.zivafalkner.com\/si\/wp-json\/wp\/v2\/media?parent=73"}],"curies":[{"name":"wp","href":"https:\/\/api.w.org\/{rel}","templated":true}]}}