{"id":123,"date":"2016-11-15T14:03:58","date_gmt":"2016-11-15T14:03:58","guid":{"rendered":"http:\/\/www.zivafalkner.com\/si\/?page_id=123"},"modified":"2021-09-13T06:05:36","modified_gmt":"2021-09-13T06:05:36","slug":"ekipa","status":"publish","type":"page","link":"http:\/\/www.zivafalkner.com\/si\/ekipa\/","title":{"rendered":"Ekipa"},"content":{"rendered":"<p>[vc_row css_animation=&#8221;&#8221; row_type=&#8221;row&#8221; use_row_as_full_screen_section=&#8221;no&#8221; type=&#8221;grid&#8221; angled_section=&#8221;no&#8221; text_align=&#8221;left&#8221; background_image_as_pattern=&#8221;without_pattern&#8221; css=&#8221;.vc_custom_1479227517969{padding-top: 48px !important;padding-bottom: 48px !important;}&#8221;][vc_column width=&#8221;1\/4&#8243;][vc_single_image image=&#8221;237&#8243; img_size=&#8221;large&#8221; style=&#8221;vc_box_circle_2&#8243; qode_css_animation=&#8221;&#8221;][\/vc_column][vc_column width=&#8221;3\/4&#8243;][vc_column_text]<\/p>\n<h2>Marino Ba\u0161i\u0107<\/h2>\n<p><strong>kondicijski trener<\/strong><\/p>\n<p>Marino Ba\u0161i\u0107 je diplomiral na Fakulteti za kineziologijo, Univerze v Zagrebu, kjer je tudi doktorand s podro\u010dja kineziologije. Marino je lastnik centra Basic Gym One in predavatelj na Akademiji fitnesa v Zagrebu. Je avtor knjige zalo\u017ebe Mens Health &#8220;Get your Muscles with Bodyweight Traning&#8221; in &#8220;Basic Training for Life&#8221;. Pi\u0161e za hrva\u0161ko revijo \u00bbTenis\u00ab in je urednik za fintes v Mens Health Hrva\u0161ka. Marino je tudi A nogometni trener UEFA.<\/p>\n<p>Kot kondicijski trener je delal na teni\u0161kih pripravah Hrva\u0161ke teni\u0161ke zveze z igralci kot so Borna \u0106ori\u0107, Nikola Mekti\u0107, Franko \u0160kugor, Ante Pavi\u0107, Jana Fett, Dino Marcan in mnogimi drugimi. Prav tako sodeluje s hrva\u0161ko smu\u010darsko reprezentanco. Z NK Interblock Ljubljana je osvojil Pokal in Superpokal Slovenije v sezoni 2007\/08. Z Bornom \u0106ori\u0107em je osvojil mladinski US Open. Skupaj s svojim timom sodeluje z \u017divo Falkner od decembra 2016.[\/vc_column_text][\/vc_column][\/vc_row]<\/p>\n","protected":false},"excerpt":{"rendered":"<p>[vc_row css_animation=&#8221;&#8221; row_type=&#8221;row&#8221; use_row_as_full_screen_section=&#8221;no&#8221; type=&#8221;grid&#8221; angled_section=&#8221;no&#8221; text_align=&#8221;left&#8221; background_image_as_pattern=&#8221;without_pattern&#8221; css=&#8221;.vc_custom_1479227517969{padding-top: 48px !important;padding-bottom: 48px !important;}&#8221;][vc_column width=&#8221;1\/4&#8243;][vc_single_image image=&#8221;237&#8243; img_size=&#8221;large&#8221; style=&#8221;vc_box_circle_2&#8243; qode_css_animation=&#8221;&#8221;][\/vc_column][vc_column width=&#8221;3\/4&#8243;][vc_column_text] Marino Ba\u0161i\u0107 kondicijski trener Marino Ba\u0161i\u0107 je diplomiral na Fakulteti za kineziologijo, Univerze v Zagrebu, kjer je tudi doktorand s podro\u010dja kineziologije. Marino je lastnik centra&#8230;<\/p>\n","protected":false},"author":1,"featured_media":0,"parent":0,"menu_order":60,"comment_status":"closed","ping_status":"closed","template":"full_width.php","meta":[],"_links":{"self":[{"href":"http:\/\/www.zivafalkner.com\/si\/wp-json\/wp\/v2\/pages\/123"}],"collection":[{"href":"http:\/\/www.zivafalkner.com\/si\/wp-json\/wp\/v2\/pages"}],"about":[{"href":"http:\/\/www.zivafalkner.com\/si\/wp-json\/wp\/v2\/types\/page"}],"author":[{"embeddable":true,"href":"http:\/\/www.zivafalkner.com\/si\/wp-json\/wp\/v2\/users\/1"}],"replies":[{"embeddable":true,"href":"http:\/\/www.zivafalkner.com\/si\/wp-json\/wp\/v2\/comments?post=123"}],"version-history":[{"count":20,"href":"http:\/\/www.zivafalkner.com\/si\/wp-json\/wp\/v2\/pages\/123\/revisions"}],"predecessor-version":[{"id":482,"href":"http:\/\/www.zivafalkner.com\/si\/wp-json\/wp\/v2\/pages\/123\/revisions\/482"}],"wp:attachment":[{"href":"http:\/\/www.zivafalkner.com\/si\/wp-json\/wp\/v2\/media?parent=123"}],"curies":[{"name":"wp","href":"https:\/\/api.w.org\/{rel}","templated":true}]}}